{"id":171,"date":"2016-04-07T19:43:41","date_gmt":"2016-04-07T17:43:41","guid":{"rendered":"http:\/\/yury-kharchenko.com\/cms\/?page_id=171"},"modified":"2017-05-01T09:34:40","modified_gmt":"2017-05-01T07:34:40","slug":"press-3","status":"publish","type":"page","link":"https:\/\/yury-kharchenko.com\/cms\/press-3\/","title":{"rendered":"PRESS"},"content":{"rendered":"<p><img loading=\"lazy\" decoding=\"async\" class=\"alignnone size-full wp-image-230\" src=\"https:\/\/yury-kharchenko.com\/cms\/wp-content\/uploads\/2016\/04\/Die-Welt.jpg\" alt=\"Die Welt\" width=\"400\" height=\"70\" \/><\/p>\n<p><strong>Alte Synagoge Essen zeigt Bilder des Malers Yury Kharchenko<\/strong><\/p>\n<p><span class=\"c-article-text__drop-cap\">E<\/span>ssen (dpa\/lnw) &#8211; Die Identit\u00e4t des deutsch-russischen Malers Yury Kharchenko ist Thema einer Ausstellung in der Alten Synagoge Essen vom 7. Mai an. Die Schau umfasst 25 Werke und steht unter dem Titel \u00abAuf der Suche &#8211; zwischen den Identit\u00e4ten\u00bb.<\/p>\n<p data-node-uid=\"54\">In seinen Werken setzt sich der 30-j\u00e4hrige K\u00fcnstler immer wieder mit seinen vermuteten verwandtschaftlichen Beziehungen zu Herschel Grynszpan auseinander, der 1938 in Paris einen deutschen Diplomaten t\u00f6tete. Das Attentat war der Vorwand f\u00fcr die Pogromnacht. Die Ausstellung zeigt unter anderem ein Portr\u00e4t Grynszpans. Die Schau ist bis zum 9. Juli zu sehen.<\/p>\n<p>Kharchenko wurde in Moskau geboren und wuchs in <a class=\"o-link\" title=\"Nachrichten, Bilder, Videos und Reisetipps zu Dortmund finden Sie auf unserer Themenseite.\" href=\"http:\/\/www.welt.de\/themen\/dortmund\/\" name=\"inlineLink_\">Dortmund<\/a> auf. Er hat Ateliers in <a class=\"o-link\" title=\"Nachrichten, Bilder und Videos zu Oberhausen finden Sie auf unserer Themenseite.\" href=\"http:\/\/www.welt.de\/themen\/oberhausen\/\" name=\"inlineLink_\">Oberhausen<\/a> und <a class=\"o-link\" title=\"Nachrichten, Bilder, Videos und Reisetipps zu Berlin finden Sie auf unserer Themenseite.\" href=\"http:\/\/www.welt.de\/themen\/berlin-staedtereise\/\" name=\"inlineLink_\">Berlin<\/a>. In <a class=\"o-link\" title=\"Nachrichten, Bilder und Videos zu Wittenberg finden Sie auf unserer Themenseite.\" href=\"http:\/\/www.welt.de\/themen\/wittenberg\/\" name=\"inlineLink_\">Wittenberg<\/a> ist der K\u00fcnstler demn\u00e4chst in der Ausstellung \u00abLuther und die Avantgarde\u00bb (19. Mai bis 17. September) vertreten. Er ist der j\u00fcngste der rund 60 K\u00fcnstler, die daran mitwirken.<\/p>\n<div class=\"c-inline-element c-inline-element--has-commercials\"><\/div>\n<p><a class=\"o-link\" href=\"https:\/\/www.essen.de\/veranstaltungen_4\/veranstaltungendetail_1073240.de.jsp\" name=\"inlineLink_\">Informationen zur Ausstellung in Essen<\/a><\/p>\n<p><a class=\"o-link\" href=\"https:\/\/yury-kharchenko.com\/cms\/\" name=\"inlineLink_\">Homepage Yury Kharchenko<\/a><\/p>\n<div class=\"c-inline-element c-inline-element--has-commercials\"><\/div>\n<p><a class=\"o-link\" href=\"http:\/\/luther-avantgarde.de\/r2017\/\" name=\"inlineLink_\">Ausstellung Luther und die Avantgarde<\/a><\/p>\n","protected":false},"excerpt":{"rendered":"<p>Alte Synagoge Essen zeigt Bilder des Malers Yury Kharchenko Essen (dpa\/lnw) &#8211; Die Identit\u00e4t des deutsch-russischen Malers Yury Kharchenko ist Thema einer Ausstellung in der Alten Synagoge Essen vom 7. Mai an. Die Schau umfasst 25 Werke und steht unter dem Titel \u00abAuf der Suche &#8211; zwischen den Identit\u00e4ten\u00bb. In seinen Werken setzt sich der &hellip; <a href=\"https:\/\/yury-kharchenko.com\/cms\/press-3\/\" class=\"more-link\">Continue reading<span class=\"screen-reader-text\"> &#8220;PRESS&#8221;<\/span><\/a><\/p>\n","protected":false},"author":1,"featured_media":0,"parent":0,"menu_order":0,"comment_status":"closed","ping_status":"closed","template":"press.php","meta":{"footnotes":""},"class_list":["post-171","page","type-page","status-publish","hentry"],"_links":{"self":[{"href":"https:\/\/yury-kharchenko.com\/cms\/wp-json\/wp\/v2\/pages\/171","targetHints":{"allow":["GET"]}}],"collection":[{"href":"https:\/\/yury-kharchenko.com\/cms\/wp-json\/wp\/v2\/pages"}],"about":[{"href":"https:\/\/yury-kharchenko.com\/cms\/wp-json\/wp\/v2\/types\/page"}],"author":[{"embeddable":true,"href":"https:\/\/yury-kharchenko.com\/cms\/wp-json\/wp\/v2\/users\/1"}],"replies":[{"embeddable":true,"href":"https:\/\/yury-kharchenko.com\/cms\/wp-json\/wp\/v2\/comments?post=171"}],"version-history":[{"count":3,"href":"https:\/\/yury-kharchenko.com\/cms\/wp-json\/wp\/v2\/pages\/171\/revisions"}],"predecessor-version":[{"id":303,"href":"https:\/\/yury-kharchenko.com\/cms\/wp-json\/wp\/v2\/pages\/171\/revisions\/303"}],"wp:attachment":[{"href":"https:\/\/yury-kharchenko.com\/cms\/wp-json\/wp\/v2\/media?parent=171"}],"curies":[{"name":"wp","href":"https:\/\/api.w.org\/{rel}","templated":true}]}}