{"id":37,"date":"2016-03-07T20:22:21","date_gmt":"2016-03-07T19:22:21","guid":{"rendered":"http:\/\/yury-kharchenko.com\/cms\/?page_id=37"},"modified":"2017-05-01T09:21:23","modified_gmt":"2017-05-01T07:21:23","slug":"impressum","status":"publish","type":"page","link":"https:\/\/yury-kharchenko.com\/cms\/impressum\/","title":{"rendered":"Impressum"},"content":{"rendered":"<p>Inhaltlich verantwortlich gem\u00e4\u00df \u00a7 10 Absatz 3 MDStV:<\/p>\n<p>Yury Kharchenko<\/p>\n<p><b>E-Mail:<\/b> yury.kn@gmail.com<\/p>\n<p>F\u00fcr die Inhalte m\u00f6glicher externer Links \u00fcbernehme ich keine Verantwortung.<\/p>\n<p>&nbsp;<\/p>\n","protected":false},"excerpt":{"rendered":"<p>Inhaltlich verantwortlich gem\u00e4\u00df \u00a7 10 Absatz 3 MDStV: Yury Kharchenko E-Mail: yury.kn@gmail.com F\u00fcr die Inhalte m\u00f6glicher externer Links \u00fcbernehme ich keine Verantwortung. &nbsp;<\/p>\n","protected":false},"author":1,"featured_media":0,"parent":0,"menu_order":0,"comment_status":"closed","ping_status":"closed","template":"","meta":{"footnotes":""},"class_list":["post-37","page","type-page","status-publish","hentry"],"_links":{"self":[{"href":"https:\/\/yury-kharchenko.com\/cms\/wp-json\/wp\/v2\/pages\/37","targetHints":{"allow":["GET"]}}],"collection":[{"href":"https:\/\/yury-kharchenko.com\/cms\/wp-json\/wp\/v2\/pages"}],"about":[{"href":"https:\/\/yury-kharchenko.com\/cms\/wp-json\/wp\/v2\/types\/page"}],"author":[{"embeddable":true,"href":"https:\/\/yury-kharchenko.com\/cms\/wp-json\/wp\/v2\/users\/1"}],"replies":[{"embeddable":true,"href":"https:\/\/yury-kharchenko.com\/cms\/wp-json\/wp\/v2\/comments?post=37"}],"version-history":[{"count":2,"href":"https:\/\/yury-kharchenko.com\/cms\/wp-json\/wp\/v2\/pages\/37\/revisions"}],"predecessor-version":[{"id":297,"href":"https:\/\/yury-kharchenko.com\/cms\/wp-json\/wp\/v2\/pages\/37\/revisions\/297"}],"wp:attachment":[{"href":"https:\/\/yury-kharchenko.com\/cms\/wp-json\/wp\/v2\/media?parent=37"}],"curies":[{"name":"wp","href":"https:\/\/api.w.org\/{rel}","templated":true}]}}